{"id":454,"date":"2019-11-18T08:50:02","date_gmt":"2019-11-18T13:50:02","guid":{"rendered":"http:\/\/osarperu.com\/osarperu\/?page_id=454"},"modified":"2019-11-18T12:21:54","modified_gmt":"2019-11-18T17:21:54","slug":"inocuidad-alimentaria","status":"publish","type":"page","link":"http:\/\/osarperu.com\/osarperu\/servicios\/consultorias\/inocuidad-alimentaria\/","title":{"rendered":"Inocuidad Alimentaria"},"content":{"rendered":"<h3><span style=\"color: #00ccff;\">INOCUIDAD ALIMENTARIA HACCP, SQF 2000, IFS, BRC Y FSSC 22000<\/span><\/h3>\n<p><strong>OSAR PERU<\/strong> cuenta con consultores especializados en la implantaci\u00f3n de Sistemas de Seguridad<br \/>\nAlimentaria bajo las Normas HACCP, SQF 2000, IFS, BRC Y FSSC 22000.<br \/>\nEl Sistema HACCP, que tiene fundamentos cient\u00edficos y car\u00e1cter sistem\u00e1tico, permite identificar peligros<br \/>\nespec\u00edficos y medidas para su control con el fin de garantizar la inocuidad de los alimentos. Es un<br \/>\ninstrumento para evaluar los peligros y establecer sistemas de control que se centran en la prevenci\u00f3n<br \/>\nen lugar de basarse principalmente en el ensayo del producto final.<\/p>\n<p>El <strong>sistema de HACCP<\/strong> puede aplicarse a lo largo de toda la cadena alimentaria, desde el productor<br \/>\nprimario hasta el consumidor final, y su aplicaci\u00f3n deber\u00e1 basarse en pruebas cient\u00edficas de peligros<br \/>\npara la salud humana, adem\u00e1s de mejorar la inocuidad de los alimentos, la aplicaci\u00f3n del sistema de<br \/>\nHACCP puede ofrecer otras ventajas significativas, facilitar asimismo la inspecci\u00f3n por parte de las<br \/>\nautoridades de reglamentaci\u00f3n, y promover el comercio internacional al aumentar la confianza en la\u00a0inocuidad de los alimentos.<\/p>\n<p><img loading=\"lazy\" decoding=\"async\" class=\"aligncenter wp-image-455 size-full\" src=\"http:\/\/osarperu.com\/osarperu\/wp-content\/uploads\/2019\/11\/alimentaria1.jpg\" alt=\"\" width=\"306\" height=\"538\" srcset=\"http:\/\/osarperu.com\/osarperu\/wp-content\/uploads\/2019\/11\/alimentaria1.jpg 306w, http:\/\/osarperu.com\/osarperu\/wp-content\/uploads\/2019\/11\/alimentaria1-171x300.jpg 171w\" sizes=\"(max-width: 306px) 100vw, 306px\" \/><\/p>\n<p><strong>El sistema SQF 2000 (Safe Quality Food)<\/strong> est\u00e1 dise\u00f1ado para el uso de todos los sectores de la<br \/>\nindustria alimentaria. El C\u00f3digo es un sistema de manejo de calidad que utiliza los Principios y Gu\u00edas de NACMCF y HACCP del CODEX, son m\u00e9todos utilizados por la industria alimentaria para reducir la incidencia de la inseguridad de alimentos que llegan al mercado. Est\u00e1 dise\u00f1ado para apoyar a la industria o una empresa con producto de marca y ofrece beneficios a los proveedores y sus clientes en todos los eslabones de la cadena alimentaria.<br \/>\nEl sistema SQF 2000 se divide en tres niveles de certificaci\u00f3n. Cada nivel est\u00e1 dise\u00f1ado para indicar el nivel de desarrollo de un productor para la inocuidad de los alimentos y sistema de manejo de calidad como sigue:<\/p>\n<p>Nivel 1 Fundamentos de la seguridad de los alimentos<\/p>\n<p>Nivel 2 Planes certificados de HACCP para la inocuidad de los alimentos<\/p>\n<p>Nivel 3 Sistemas de manejo de calidad y seguridad alimentaria completo<\/p>\n<p><strong>El sistema IFS<\/strong>, Protocolo Internacional de Seguridad Alimentaria nacido en Alemania, reconocido por<br \/>\nlas grandes empresas distribuidoras de alimentos y al que se han acogido las grandes cadenas\u00a0distribuidoras de Francia, Italia y algunas espa\u00f1olas.<br \/>\nSe trata de un protocolo compuesto por un cuestionario, a trav\u00e9s del cual se puede obtener una<br \/>\nvaloraci\u00f3n cuantitativa de la seguridad alimentaria que ofrece una empresa y obtener el certificado IFS.<\/p>\n<p><strong>La norma BRC (British Retail Consortium)<\/strong> es un sistema de seguridad alimentaria desarrollado por la<br \/>\ndistribuci\u00f3n minorista brit\u00e1nica. B\u00e1sicamente surgi\u00f3 como necesidad de desarrollar una norma uniforme<br \/>\nde calidad y seguridad alimentaria, entre los factores m\u00e1s determinantes para ello destacamos las<br \/>\ndemandas de los consumidores, la responsabilidad cada vez mayor de los distribuidores, el incremento<br \/>\nde requisitos legales y la globalizaci\u00f3n del suministro de productos.<br \/>\nEs una norma espec\u00edfica para la industria agroalimentaria, siendo s\u00f3lo aplicable a compa\u00f1\u00edas<br \/>\nfabricantes o envasadoras de productos alimenticios, es decir, la norma BRC s\u00f3lo puede aplicarse<br \/>\ncuando se procesa un producto o cuando existe un peligro de contaminaci\u00f3n de un producto durante el<br \/>\nproceso de envasado primario. Para compa\u00f1\u00edas que s\u00f3lo realicen transporte, almacenamiento y<br \/>\ndistribuci\u00f3n se ha desarrollado la Norma Mundial de Almacenamiento y Distribuci\u00f3n, m\u00e1s enfocada en<br \/>\nestas actividades.<\/p>\n<ul>\n<li>Actualmente se encuentra en vigor la norma BRC versi\u00f3n 5, ya que la norma ha sufrido varios cambios<br \/>\ndesde su aparici\u00f3n debido principalmente a la experiencia y a los cambios legislativos.<br \/>\nConocer e implementar las principales normas internacionales aplicables a la gesti\u00f3n de la<br \/>\nInocuidad de alimentos.<\/li>\n<li>Capacitar a los participantes en los principios de la ISO 22005: 2007, que le permitan<br \/>\ndesarrollar un procedimiento consistente de trazabilidad en sus empresas.<\/li>\n<li>Conocer el Proceso de formaci\u00f3n de Auditores internos, que puedan aplicarse sistemas de<br \/>\ncalidad e inocuidad alimentaria.<\/li>\n<\/ul>\n<p><strong>El sistema FSSC 22000<\/strong> es una certificaci\u00f3n de Seguridad Alimentaria que usa el ISO 22000 y el PAS<br \/>\n220<\/p>\n<ul>\n<li>El PAS 220 provee los requerimientos para los Programas de Pre requisitos para procesadores<br \/>\nde alimentos.<\/li>\n<li>Este documento fue a\u00f1adido al ISO 22000 para crear un sistema que pudiera ser reconocido<br \/>\npor la Global Food Safety Initiative (GFSI)<\/li>\n<li>Algunas de las grandes cadenas de alimentos requieren que sus proveedores tengan<br \/>\nimplementado un esquema de un est\u00e1ndar reconocido por la GFSI.<\/li>\n<\/ul>\n","protected":false},"excerpt":{"rendered":"<p>INOCUIDAD ALIMENTARIA HACCP, SQF 2000, IFS, BRC Y FSSC 22000 OSAR PERU cuenta con consultores especializados en la implantaci\u00f3n de Sistemas de Seguridad Alimentaria bajo las Normas HACCP, SQF 2000, IFS, BRC Y FSSC 22000. El Sistema HACCP, que tiene fundamentos cient\u00edficos y car\u00e1cter sistem\u00e1tico, permite identificar peligros espec\u00edficos y medidas para su control con<\/p><\/div>\n<div class=\"blog-btn\"><a href=\"http:\/\/osarperu.com\/osarperu\/servicios\/consultorias\/inocuidad-alimentaria\/\" class=\"home-blog-btn\">Leer m\u00e1s<\/a><\/p>\n","protected":false},"author":1,"featured_media":0,"parent":205,"menu_order":0,"comment_status":"closed","ping_status":"closed","template":"","meta":{"_joinchat":[],"footnotes":""},"class_list":["post-454","page","type-page","status-publish","hentry"],"_links":{"self":[{"href":"http:\/\/osarperu.com\/osarperu\/wp-json\/wp\/v2\/pages\/454"}],"collection":[{"href":"http:\/\/osarperu.com\/osarperu\/wp-json\/wp\/v2\/pages"}],"about":[{"href":"http:\/\/osarperu.com\/osarperu\/wp-json\/wp\/v2\/types\/page"}],"author":[{"embeddable":true,"href":"http:\/\/osarperu.com\/osarperu\/wp-json\/wp\/v2\/users\/1"}],"replies":[{"embeddable":true,"href":"http:\/\/osarperu.com\/osarperu\/wp-json\/wp\/v2\/comments?post=454"}],"version-history":[{"count":8,"href":"http:\/\/osarperu.com\/osarperu\/wp-json\/wp\/v2\/pages\/454\/revisions"}],"predecessor-version":[{"id":512,"href":"http:\/\/osarperu.com\/osarperu\/wp-json\/wp\/v2\/pages\/454\/revisions\/512"}],"up":[{"embeddable":true,"href":"http:\/\/osarperu.com\/osarperu\/wp-json\/wp\/v2\/pages\/205"}],"wp:attachment":[{"href":"http:\/\/osarperu.com\/osarperu\/wp-json\/wp\/v2\/media?parent=454"}],"curies":[{"name":"wp","href":"https:\/\/api.w.org\/{rel}","templated":true}]}}