{"id":257,"date":"2018-06-02T11:55:52","date_gmt":"2018-06-02T16:55:52","guid":{"rendered":"http:\/\/osarperu.com\/osarperu\/?page_id=257"},"modified":"2020-06-27T11:57:20","modified_gmt":"2020-06-27T16:57:20","slug":"verificacion-de-asociado-de-negocio-cliente","status":"publish","type":"page","link":"http:\/\/osarperu.com\/osarperu\/servicios\/verificaciones\/verificacion-de-asociado-de-negocio-cliente\/","title":{"rendered":"Verificaci\u00f3n de Asociado de Negocio &#8211; Cliente"},"content":{"rendered":"<div class=\"vce-row-container\"><div class=\"vce-row vce-row--col-gap-30 vce-row-columns--top vce-row-content--top\" id=\"el-fb17b9ad\" data-vce-do-apply=\"all el-fb17b9ad\"><div class=\"vce-row-content\" data-vce-element-content=\"true\"><div class=\"vce-col vce-col--md-auto vce-col--xs-1 vce-col--xs-last vce-col--xs-first vce-col--sm-last vce-col--sm-first vce-col--md-last vce-col--lg-last vce-col--xl-last vce-col--md-first vce-col--lg-first vce-col--xl-first\" id=\"el-fc461fbc\"><div class=\"vce-col-inner\" data-vce-do-apply=\"border margin background  el-fc461fbc\"><div class=\"vce-col-content\" data-vce-element-content=\"true\" data-vce-do-apply=\"padding el-fc461fbc\"><div class=\"vce-text-block\"><div class=\"vce-text-block-wrapper vce\" id=\"el-ab2a22d6\" data-vce-do-apply=\"all el-ab2a22d6\"><p>La verificaci\u00f3n se aplica teniendo en cuenta el formato utilizado y\/o propuesto por el Cliente. Adem\u00e1s se brinda la asesor\u00eda para validar que la informaci\u00f3n brindada por el Asociado de negocio, sea la m\u00e1s id\u00f3nea; seg\u00fan los requisitos BASC.<\/p><p>Requisitos para la ejecuci\u00f3n de las Verificaciones de Asociados de Negocio - Clientes<\/p><ul><li>Listado de Asociados de Negocio el cual debe contener:<ul><li>Raz\u00f3n Social \/ Contacto \/ Direcci\u00f3n Exacta.<\/li><li>Referencias del lugar<\/li><\/ul><\/li><li>Se enviar\u00e1 listado con las fechas tentativas de verificaci\u00f3n<\/li><li>El responsable de su asociado coordinar\u00e1 directamente con su proveedor para la atenci\u00f3n de la visita.<\/li><li>Si no se encontrara a nadie, se realizar\u00e1 la toma fotogr\u00e1fica para dejar evidencia de la visita. Se comunicar\u00e1 al encargado o responsable en la empresa y previa autorizaci\u00f3n se efectuar\u00e1 una nueva visita, lo cual se contar\u00e1 como una nueva verificaci\u00f3n (con costo).<\/li><li>Damos inicio a las actividades de verificaci\u00f3n, con un cronograma tentativo para lo cual es indispensable contar con el 100% de las direcciones y croquis del Asociado.<\/li><li>Las verificaciones se realizar\u00e1n en base al cronograma.<\/li><li>El horario de visita por seguridad del trabajador y del entrevistador son de 9:00 am a 6:00 pm de lunes a viernes (Sujeto a variaciones de acuerdo a las coordinaciones con el cliente).<\/li><\/ul><p><img loading=\"lazy\" decoding=\"async\" class=\"aligncenter size-full wp-image-581\" src=\"http:\/\/osarperu.com\/osarperu\/wp-content\/uploads\/2020\/06\/oscar-3.jpg\" alt=\"\" width=\"600\" height=\"397\" srcset=\"http:\/\/osarperu.com\/osarperu\/wp-content\/uploads\/2020\/06\/oscar-3.jpg 600w, http:\/\/osarperu.com\/osarperu\/wp-content\/uploads\/2020\/06\/oscar-3-300x199.jpg 300w\" sizes=\"(max-width: 600px) 100vw, 600px\" \/><\/p><\/div><\/div><\/div><\/div><\/div><\/div><\/div><\/div>\n","protected":false},"excerpt":{"rendered":"<p>La verificaci\u00f3n se aplica teniendo en cuenta el formato utilizado y\/o propuesto por el Cliente. Adem\u00e1s se brinda la asesor\u00eda para validar que la informaci\u00f3n brindada por el Asociado de negocio, sea la m\u00e1s id\u00f3nea; seg\u00fan los requisitos BASC.Requisitos para la ejecuci\u00f3n de las Verificaciones de Asociados de Negocio &#8211; ClientesListado de Asociados de Negocio<\/p><\/div>\n<div class=\"blog-btn\"><a href=\"http:\/\/osarperu.com\/osarperu\/servicios\/verificaciones\/verificacion-de-asociado-de-negocio-cliente\/\" class=\"home-blog-btn\">Leer m\u00e1s<\/a><\/p>\n","protected":false},"author":1,"featured_media":0,"parent":207,"menu_order":0,"comment_status":"closed","ping_status":"closed","template":"","meta":{"_joinchat":[],"footnotes":""},"class_list":["post-257","page","type-page","status-publish","hentry"],"_links":{"self":[{"href":"http:\/\/osarperu.com\/osarperu\/wp-json\/wp\/v2\/pages\/257"}],"collection":[{"href":"http:\/\/osarperu.com\/osarperu\/wp-json\/wp\/v2\/pages"}],"about":[{"href":"http:\/\/osarperu.com\/osarperu\/wp-json\/wp\/v2\/types\/page"}],"author":[{"embeddable":true,"href":"http:\/\/osarperu.com\/osarperu\/wp-json\/wp\/v2\/users\/1"}],"replies":[{"embeddable":true,"href":"http:\/\/osarperu.com\/osarperu\/wp-json\/wp\/v2\/comments?post=257"}],"version-history":[{"count":4,"href":"http:\/\/osarperu.com\/osarperu\/wp-json\/wp\/v2\/pages\/257\/revisions"}],"predecessor-version":[{"id":582,"href":"http:\/\/osarperu.com\/osarperu\/wp-json\/wp\/v2\/pages\/257\/revisions\/582"}],"up":[{"embeddable":true,"href":"http:\/\/osarperu.com\/osarperu\/wp-json\/wp\/v2\/pages\/207"}],"wp:attachment":[{"href":"http:\/\/osarperu.com\/osarperu\/wp-json\/wp\/v2\/media?parent=257"}],"curies":[{"name":"wp","href":"https:\/\/api.w.org\/{rel}","templated":true}]}}