{"id":226,"date":"2018-06-01T11:47:23","date_gmt":"2018-06-01T16:47:23","guid":{"rendered":"http:\/\/osarperu.com\/osarperu\/?page_id=226"},"modified":"2020-06-27T12:00:42","modified_gmt":"2020-06-27T17:00:42","slug":"seguridad-y-salud-en-el-trabajo","status":"publish","type":"page","link":"http:\/\/osarperu.com\/osarperu\/servicios\/consultorias\/seguridad-y-salud-en-el-trabajo\/","title":{"rendered":"Seguridad y Salud en el Trabajo"},"content":{"rendered":"<div class=\"vce-row-container\"><div class=\"vce-row vce-row--col-gap-30 vce-row-columns--top vce-row-content--top\" id=\"el-e3ed330d\" data-vce-do-apply=\"all el-e3ed330d\"><div class=\"vce-row-content\" data-vce-element-content=\"true\"><div class=\"vce-col vce-col--md-auto vce-col--xs-1 vce-col--xs-last vce-col--xs-first vce-col--sm-last vce-col--sm-first vce-col--md-last vce-col--lg-last vce-col--xl-last vce-col--md-first vce-col--lg-first vce-col--xl-first\" id=\"el-d68e6b22\"><div class=\"vce-col-inner\" data-vce-do-apply=\"border margin background  el-d68e6b22\"><div class=\"vce-col-content\" data-vce-element-content=\"true\" data-vce-do-apply=\"padding el-d68e6b22\"><div class=\"vce-text-block\"><div class=\"vce-text-block-wrapper vce\" id=\"el-5d68c90d\" data-vce-do-apply=\"all el-5d68c90d\"><p>Los Sistemas de Gesti\u00f3n de la Seguridad y Salud en el trabajo (SGSST) tienen como objetivo apoyar y promover las buenas pr\u00e1cticas de seguridad y salud en los trabajadores en equilibrio con las necesidades socioecon\u00f3micas, y destinadas a permitir que una organizaci\u00f3n controle sus riesgos y mejore el desempe\u00f1o de la salud en el trabajo.<br>Al implementar este sistema se elimina o minimizan los riesgos al personal y a otras partes interesadas que podr\u00edan estar expuestos a peligros asociados con las actividades de la empresa.<br>Ofrecemos el acompa\u00f1amiento a las empresas para la implementaci\u00f3n, documentaci\u00f3n y certificaci\u00f3n de su SGSST.<\/p><p><img loading=\"lazy\" decoding=\"async\" class=\"aligncenter size-full wp-image-583\" src=\"http:\/\/osarperu.com\/osarperu\/wp-content\/uploads\/2020\/06\/osar-2.jpg\" alt=\"\" width=\"1024\" height=\"768\" srcset=\"http:\/\/osarperu.com\/osarperu\/wp-content\/uploads\/2020\/06\/osar-2.jpg 1024w, http:\/\/osarperu.com\/osarperu\/wp-content\/uploads\/2020\/06\/osar-2-300x225.jpg 300w, http:\/\/osarperu.com\/osarperu\/wp-content\/uploads\/2020\/06\/osar-2-768x576.jpg 768w\" sizes=\"(max-width: 1024px) 100vw, 1024px\" \/><\/p><p><strong>LEY N\u00b0 29783<\/strong><\/p><p><strong>IMPLEMENTACI\u00d3N DE LA LEY N\u00b0 29783 SEGURIDAD Y SALUD EN EL TRABAJO<\/strong><\/p><p>Norma de car\u00e1cter obligatorio destinada a la prevenci\u00f3n de accidentes y da\u00f1os a la salud como consecuencia del trabajo, asimismo crea un Sistema de Gesti\u00f3n de Seguridad y Salud en el Trabajo, que busca promover medidas de prevenci\u00f3n y protecci\u00f3n laboral, las cuales se aplicar\u00e1n en el siguiente orden:<\/p><p style=\"padding-left: 30px;\">1. Eliminaci\u00f3n de Peligros y Riesgos<br>2. Tratamiento, Control o Aislamiento de los Peligros y Riesgos.<br>3. Minimizar los Peligros y Riesgos.<br>4. Programar la sustituci\u00f3n progresiva y en la brevedad posible de los procedimientos, t\u00e9cnicas, medios, sustancias y productos peligrosos por aquellos que produzcan un menor o ning\u00fan riesgo al trabajador.<br>5. Facilitar equipos de protecci\u00f3n personal, asegur\u00e1ndose que los trabajadores lo usen y conserven correctamente.<\/p><p>La Ley N\u00ba 29783 \u201cLey de Seguridad y Salud en el Trabajo\u201d fue promulgada el 20 de agosto del 2011 en el Diario Oficial \u201cEl Peruano\u201d, norma de suma importancia por establecer disposiciones relacionadas a la prevenci\u00f3n de riesgos laborales. Y su reglamento DS. 005-2012-TR, promulgada el 25 de abril del 2012.<\/p><p>Entre los aspectos m\u00e1s importantes de la ley tenemos:<\/p><ul><li><strong>Objeto:<\/strong> Normas de car\u00e1cter obligatorio destinadas a la prevenci\u00f3n de accidentes y da\u00f1os a la salud consecuencia del trabajo, asimismo crea un Sistema Nacional de Seguridad y Salud en el Trabajo, Consejos Regionales de Seguridad y Salud y un Consejo Nacional de Seguridad y Salud.<\/li><li><strong>\u00c1mbito de Aplicaci\u00f3n:<\/strong> Las disposiciones contenidas en la ley ser\u00e1n aplicables para los empleadores y trabajadores bajo el r\u00e9gimen laboral privado, los trabajadores y funcionarios del sector p\u00fablico, los trabajadores de las Fuerzas Armadas de la Polic\u00eda Nacional del Per\u00fa y trabajadores por cuenta propia.<\/li><li><strong>Sistema de Gesti\u00f3n de la Seguridad y Salud en el Trabajo:<\/strong> Sistema conformado por las medidas de prevenci\u00f3n y protecci\u00f3n laboral, las cuales se aplicar\u00e1n en el siguiente orden:<\/li><\/ul><p style=\"padding-left: 60px;\">1. Eliminaci\u00f3n de Peligros y Riesgos<br>2. Tratamiento, Control o Aislamiento de los Peligros y Riesgos.<br>3. Minimizar los Peligros y Riesgos.<br>4. Programar la sustituci\u00f3n progresiva y en la brevedad posible de los procedimientos, t\u00e9cnicas, medios, sustancias y productos peligrosos por aquellos que produzcan un menor o ning\u00fan riesgo al trabajador.<br>5. Facilitar equipos de protecci\u00f3n personal, asegur\u00e1ndose que los trabajadores lo usen y conserven correctamente.<\/p><ul><li><strong>Derechos y Obligaciones de los Empleadores y Trabajadores:<\/strong> La Ley establece cuales son los derechos y obligaciones de ambas partes a fin de una correcta aplicaci\u00f3n de las pol\u00edticas y el sistema de Gesti\u00f3n de la Seguridad y Salud en el Trabajo.<\/li><li><strong>Pol\u00edtica Nacional de Seguridad y Salud en el Trabajo:<\/strong> El objeto de esta pol\u00edtica es prevenir los accidentes y da\u00f1os para la salud que sean causados en consecuencia del trabajo, guarden relaci\u00f3n con la actividad laboral o sobrevengan durante el trabajo.<\/li><li><strong>Ministerio de Trabajo y Promoci\u00f3n de Empleo:<\/strong> Es el \u00f3rgano encargado de aplicar, examinar y evaluar la Pol\u00edtica Nacional e Seguridad y Salud en el Trabajo, correspondiendo a los empleadores y centros m\u00e9dicos asistenciales que atiendan al trabajador por primera vez, el informar sobre los accidentes, incidentes peligrosos o cualquier otra situaci\u00f3n que ponga en riesgo la vida, integridad f\u00edsica o salud del trabajador. Asimismo el ministerio efectuara inspecciones a fin de verificar el cumplimiento de las normas de seguridad y salud en el trabajo.<\/li><li><strong>Disposiciones Complementarias Modificatorias:<\/strong> Con la aprobaci\u00f3n de la presente ley se ha derogado el numeral 3 del Art. 168 del C\u00f3digo Penal y la Ley 28964 \u201cLey que transfiere competencias de supervisi\u00f3n y fiscalizaci\u00f3n de las actividades mineras al Osinerg\u201d; Asimismo, se han modificado los Art\u00edculos 13, 24 y 45 de la Ley 28806 \u201cLey General de Inspecciones del Trabajo\u201d y incorpora el Articulo 168-A al C\u00f3digo Penal.<\/li><\/ul><p><img loading=\"lazy\" decoding=\"async\" class=\"aligncenter size-full wp-image-584\" src=\"http:\/\/osarperu.com\/osarperu\/wp-content\/uploads\/2020\/06\/osar-5.jpg\" alt=\"\" width=\"800\" height=\"1658\" srcset=\"http:\/\/osarperu.com\/osarperu\/wp-content\/uploads\/2020\/06\/osar-5.jpg 800w, http:\/\/osarperu.com\/osarperu\/wp-content\/uploads\/2020\/06\/osar-5-145x300.jpg 145w, http:\/\/osarperu.com\/osarperu\/wp-content\/uploads\/2020\/06\/osar-5-768x1592.jpg 768w, http:\/\/osarperu.com\/osarperu\/wp-content\/uploads\/2020\/06\/osar-5-494x1024.jpg 494w\" sizes=\"(max-width: 800px) 100vw, 800px\" \/><\/p><\/div><\/div><\/div><\/div><\/div><\/div><\/div><\/div>\n","protected":false},"excerpt":{"rendered":"<p>Los Sistemas de Gesti\u00f3n de la Seguridad y Salud en el trabajo (SGSST) tienen como objetivo apoyar y promover las buenas pr\u00e1cticas de seguridad y salud en los trabajadores en equilibrio con las necesidades socioecon\u00f3micas, y destinadas a permitir que una organizaci\u00f3n controle sus riesgos y mejore el desempe\u00f1o de la salud en el trabajo.Al<\/p><\/div>\n<div class=\"blog-btn\"><a href=\"http:\/\/osarperu.com\/osarperu\/servicios\/consultorias\/seguridad-y-salud-en-el-trabajo\/\" class=\"home-blog-btn\">Leer m\u00e1s<\/a><\/p>\n","protected":false},"author":1,"featured_media":0,"parent":205,"menu_order":0,"comment_status":"closed","ping_status":"closed","template":"","meta":{"_joinchat":[],"footnotes":""},"class_list":["post-226","page","type-page","status-publish","hentry"],"_links":{"self":[{"href":"http:\/\/osarperu.com\/osarperu\/wp-json\/wp\/v2\/pages\/226"}],"collection":[{"href":"http:\/\/osarperu.com\/osarperu\/wp-json\/wp\/v2\/pages"}],"about":[{"href":"http:\/\/osarperu.com\/osarperu\/wp-json\/wp\/v2\/types\/page"}],"author":[{"embeddable":true,"href":"http:\/\/osarperu.com\/osarperu\/wp-json\/wp\/v2\/users\/1"}],"replies":[{"embeddable":true,"href":"http:\/\/osarperu.com\/osarperu\/wp-json\/wp\/v2\/comments?post=226"}],"version-history":[{"count":5,"href":"http:\/\/osarperu.com\/osarperu\/wp-json\/wp\/v2\/pages\/226\/revisions"}],"predecessor-version":[{"id":585,"href":"http:\/\/osarperu.com\/osarperu\/wp-json\/wp\/v2\/pages\/226\/revisions\/585"}],"up":[{"embeddable":true,"href":"http:\/\/osarperu.com\/osarperu\/wp-json\/wp\/v2\/pages\/205"}],"wp:attachment":[{"href":"http:\/\/osarperu.com\/osarperu\/wp-json\/wp\/v2\/media?parent=226"}],"curies":[{"name":"wp","href":"https:\/\/api.w.org\/{rel}","templated":true}]}}