{"id":222,"date":"2018-06-01T11:45:43","date_gmt":"2018-06-01T16:45:43","guid":{"rendered":"http:\/\/osarperu.com\/osarperu\/?page_id=222"},"modified":"2019-11-18T10:22:31","modified_gmt":"2019-11-18T15:22:31","slug":"iso-9001-gestion-calidad","status":"publish","type":"page","link":"http:\/\/osarperu.com\/osarperu\/servicios\/consultorias\/iso-9001-gestion-calidad\/","title":{"rendered":"ISO 9001 Gesti\u00f3n de Calidad"},"content":{"rendered":"<p><strong>14001- 2004 \/ IMPLEMENTACI\u00d3N ISO 14001 : 2004 \/ SISTEMAS DE GESTI\u00d3N AMBIENTAL<\/strong><\/p>\n<p><img loading=\"lazy\" decoding=\"async\" class=\"size-full wp-image-464 alignleft\" src=\"http:\/\/osarperu.com\/osarperu\/wp-content\/uploads\/2019\/11\/gestion1.jpg\" alt=\"\" width=\"350\" height=\"350\" srcset=\"http:\/\/osarperu.com\/osarperu\/wp-content\/uploads\/2019\/11\/gestion1.jpg 350w, http:\/\/osarperu.com\/osarperu\/wp-content\/uploads\/2019\/11\/gestion1-150x150.jpg 150w, http:\/\/osarperu.com\/osarperu\/wp-content\/uploads\/2019\/11\/gestion1-300x300.jpg 300w\" sizes=\"(max-width: 350px) 100vw, 350px\" \/>Los Sistemas de Gesti\u00f3n Ambiental (SGA) permiten a una organizaci\u00f3n desarrollar e implementar una pol\u00edtica y unos objetivos que tengan en cuenta los requisitos legales vigentes y otros requisitos que la organizaci\u00f3n suscriba, as\u00ed como la informaci\u00f3n relativa a los aspectos ambientales significativos para controlar y reducir el impacto ambiental que sus actividades desarrollan.<br \/>\nLos SGA son un punto de partida para generar desarrollo sostenible en las empresas. Ofrecemos el acompa\u00f1amiento a las empresas para la implementaci\u00f3n, documentaci\u00f3n y certificaci\u00f3n de su SGA.<\/p>\n<p>&nbsp;<\/p>\n<p><img loading=\"lazy\" decoding=\"async\" class=\"aligncenter size-full wp-image-466\" src=\"http:\/\/osarperu.com\/osarperu\/wp-content\/uploads\/2019\/11\/gestion2.jpg\" alt=\"\" width=\"479\" height=\"518\" srcset=\"http:\/\/osarperu.com\/osarperu\/wp-content\/uploads\/2019\/11\/gestion2.jpg 479w, http:\/\/osarperu.com\/osarperu\/wp-content\/uploads\/2019\/11\/gestion2-277x300.jpg 277w\" sizes=\"(max-width: 479px) 100vw, 479px\" \/><\/p>\n","protected":false},"excerpt":{"rendered":"<p>14001- 2004 \/ IMPLEMENTACI\u00d3N ISO 14001 : 2004 \/ SISTEMAS DE GESTI\u00d3N AMBIENTAL Los Sistemas de Gesti\u00f3n Ambiental (SGA) permiten a una organizaci\u00f3n desarrollar e implementar una pol\u00edtica y unos objetivos que tengan en cuenta los requisitos legales vigentes y otros requisitos que la organizaci\u00f3n suscriba, as\u00ed como la informaci\u00f3n relativa a los aspectos ambientales<\/p><\/div>\n<div class=\"blog-btn\"><a href=\"http:\/\/osarperu.com\/osarperu\/servicios\/consultorias\/iso-9001-gestion-calidad\/\" class=\"home-blog-btn\">Leer m\u00e1s<\/a><\/p>\n","protected":false},"author":1,"featured_media":0,"parent":205,"menu_order":0,"comment_status":"closed","ping_status":"closed","template":"","meta":{"_joinchat":[],"footnotes":""},"class_list":["post-222","page","type-page","status-publish","hentry"],"_links":{"self":[{"href":"http:\/\/osarperu.com\/osarperu\/wp-json\/wp\/v2\/pages\/222"}],"collection":[{"href":"http:\/\/osarperu.com\/osarperu\/wp-json\/wp\/v2\/pages"}],"about":[{"href":"http:\/\/osarperu.com\/osarperu\/wp-json\/wp\/v2\/types\/page"}],"author":[{"embeddable":true,"href":"http:\/\/osarperu.com\/osarperu\/wp-json\/wp\/v2\/users\/1"}],"replies":[{"embeddable":true,"href":"http:\/\/osarperu.com\/osarperu\/wp-json\/wp\/v2\/comments?post=222"}],"version-history":[{"count":9,"href":"http:\/\/osarperu.com\/osarperu\/wp-json\/wp\/v2\/pages\/222\/revisions"}],"predecessor-version":[{"id":509,"href":"http:\/\/osarperu.com\/osarperu\/wp-json\/wp\/v2\/pages\/222\/revisions\/509"}],"up":[{"embeddable":true,"href":"http:\/\/osarperu.com\/osarperu\/wp-json\/wp\/v2\/pages\/205"}],"wp:attachment":[{"href":"http:\/\/osarperu.com\/osarperu\/wp-json\/wp\/v2\/media?parent=222"}],"curies":[{"name":"wp","href":"https:\/\/api.w.org\/{rel}","templated":true}]}}