{"id":205,"date":"2018-05-31T17:32:55","date_gmt":"2018-05-31T17:32:55","guid":{"rendered":"http:\/\/osarperu.com\/osarperu\/?page_id=205"},"modified":"2020-06-25T16:54:47","modified_gmt":"2020-06-25T21:54:47","slug":"consultorias","status":"publish","type":"page","link":"http:\/\/osarperu.com\/osarperu\/servicios\/consultorias\/","title":{"rendered":"Consultorias"},"content":{"rendered":"<p><span style=\"color: #00ccff;\">SERVICIO DE ASESOR\u00cdA EN LA IMPLEMENTACI\u00d3N DE SISTEMAS DE GESTI\u00d3N ISO 37001, ISO 9001, ISO 14001, ISO 45001, OHSAS 18001, BASC VERSI\u00d3N 5, ISO 28000, Inocuidad Alimentaria HACCP, SQF 2000, IFS, BRC Y FSSC 22000<\/span><\/p>\n<p>Contamos con la experiencia de implementaci\u00f3n, capacitaci\u00f3n y generaci\u00f3n de sistemas de gesti\u00f3n de<br \/>\ncalidad y sistemas de integrados de gesti\u00f3n HSEQ certificados en diferentes sectores econ\u00f3micos.<br \/>\nTenemos la experiencia de haber podido acompa\u00f1ar a nuestros clientes en la obtenci\u00f3n de sus<br \/>\nobjetivos ISO 37001, ISO 9001, ISO 14001, ISO 45001, OHSAS 18001 y LEY 29783.<\/p>\n","protected":false},"excerpt":{"rendered":"<p>SERVICIO DE ASESOR\u00cdA EN LA IMPLEMENTACI\u00d3N DE SISTEMAS DE GESTI\u00d3N ISO 37001, ISO 9001, ISO 14001, ISO 45001, OHSAS 18001, BASC VERSI\u00d3N 5, ISO 28000, Inocuidad Alimentaria HACCP, SQF 2000, IFS, BRC Y FSSC 22000 Contamos con la experiencia de implementaci\u00f3n, capacitaci\u00f3n y generaci\u00f3n de sistemas de gesti\u00f3n de calidad y sistemas de integrados de<\/p><\/div>\n<div class=\"blog-btn\"><a href=\"http:\/\/osarperu.com\/osarperu\/servicios\/consultorias\/\" class=\"home-blog-btn\">Leer m\u00e1s<\/a><\/p>\n","protected":false},"author":1,"featured_media":0,"parent":164,"menu_order":0,"comment_status":"closed","ping_status":"closed","template":"","meta":{"_joinchat":[],"footnotes":""},"class_list":["post-205","page","type-page","status-publish","hentry"],"_links":{"self":[{"href":"http:\/\/osarperu.com\/osarperu\/wp-json\/wp\/v2\/pages\/205"}],"collection":[{"href":"http:\/\/osarperu.com\/osarperu\/wp-json\/wp\/v2\/pages"}],"about":[{"href":"http:\/\/osarperu.com\/osarperu\/wp-json\/wp\/v2\/types\/page"}],"author":[{"embeddable":true,"href":"http:\/\/osarperu.com\/osarperu\/wp-json\/wp\/v2\/users\/1"}],"replies":[{"embeddable":true,"href":"http:\/\/osarperu.com\/osarperu\/wp-json\/wp\/v2\/comments?post=205"}],"version-history":[{"count":3,"href":"http:\/\/osarperu.com\/osarperu\/wp-json\/wp\/v2\/pages\/205\/revisions"}],"predecessor-version":[{"id":548,"href":"http:\/\/osarperu.com\/osarperu\/wp-json\/wp\/v2\/pages\/205\/revisions\/548"}],"up":[{"embeddable":true,"href":"http:\/\/osarperu.com\/osarperu\/wp-json\/wp\/v2\/pages\/164"}],"wp:attachment":[{"href":"http:\/\/osarperu.com\/osarperu\/wp-json\/wp\/v2\/media?parent=205"}],"curies":[{"name":"wp","href":"https:\/\/api.w.org\/{rel}","templated":true}]}}