{"id":165,"date":"2018-05-31T17:29:00","date_gmt":"2018-05-31T17:29:00","guid":{"rendered":"http:\/\/osarperu.com\/osarperu\/?page_id=165"},"modified":"2020-06-26T22:26:38","modified_gmt":"2020-06-27T03:26:38","slug":"clientes","status":"publish","type":"page","link":"http:\/\/osarperu.com\/osarperu\/clientes\/","title":{"rendered":"Clientes"},"content":{"rendered":"<p><strong>NUESTROS CLIENTES NOS ELIGEN POR:<\/strong><\/p>\n<ul>\n<li>Nuestra metodolog\u00eda, basada en un esquema l\u00f3gico y un enfoque integral de gesti\u00f3n gerencial, que se traduce en un programa de Consultor\u00eda \u00e1gil y flexible.<\/li>\n<li>Nuestro tratamiento personalizado asegura la calidad de la prestaci\u00f3n del servicio.<\/li>\n<li>Nuestros honorarios son altamente competitivos en relaci\u00f3n con el servicio que prestamos.<\/li>\n<li>Estamos del lado de nuestro cliente. Tenemos una visi\u00f3n de negocios que nos permite comprender claramente las necesidades de los clientes.<\/li>\n<\/ul>\n<p><img loading=\"lazy\" decoding=\"async\" class=\"aligncenter wp-image-495\" src=\"http:\/\/osarperu.com\/osarperu\/wp-content\/uploads\/2019\/11\/cliente.jpg\" alt=\"\" width=\"314\" height=\"209\" \/><\/p>\n<p><strong>BENEFICIOS<\/strong>:<\/p>\n<ul>\n<li>Reducen costos operativos.<\/li>\n<li>Minimizan gastos y p\u00e9rdidas.<\/li>\n<li>Concentran y hacen foco en las actividades principales y estrat\u00e9gicas de sus negocios.<\/li>\n<li>Obtienen la mejor calidad de servicio a precios competitivos.<\/li>\n<li>Generan mejoras en las respuestas frente a las necesidades de sus negocios.<\/li>\n<li>Observan facilidades en el inicio, seguimiento y crecimiento de sus operaciones.<\/li>\n<\/ul>\n<p>ESTOS SON ALGUNOS DE NUESTROS CLIENTES:<\/p>\n<ul>\n<li><span style=\"color: #00ccff;\">GLOBAL CERTIFICATION BUREAU S.A.C.<\/span>&#8211; Miraflores<\/li>\n<li><span style=\"color: #00ccff;\">OCEANO SEAFOOD S.A.<\/span>&#8211; Surco &#8211; Callao &#8211; Matarani &#8211; Paita<\/li>\n<li><span style=\"color: #00ccff;\">PORT LOGISTICS S.A.C.<\/span>\u00a0&#8211; Surco &#8211; Paita<\/li>\n<li><span style=\"color: #00ccff;\">DYNAMO WELTWEIT LOGISTIK S.A.<\/span>\u00a0&#8211; San Isidro<\/li>\n<li><span style=\"color: #00ccff;\">PARTNERS LOGISTICS PERU S.A.C..<\/span> &#8211; Magdalena del Mar<\/li>\n<li><span style=\"color: #00ccff;\">A. HARTRODT ADUANAS S.A.C.<\/span>\u00a0&#8211; Magdalena del Mar<\/li>\n<li><span style=\"color: #00ccff;\">A. HARTRODT PERU S.A.C..<\/span> &#8211; Magdalena del Mar<\/li>\n<li><span style=\"color: #00ccff;\">SENATOR INTERNATIONAL PERU S.A.C.<\/span>\u00a0&#8211; Magdalena del Mar<\/li>\n<li><span style=\"color: #00ccff;\">DEAH SECURITY S.A.C.<\/span>\u00a0&#8211; Callao<\/li>\n<li><span style=\"color: #00ccff;\">CARGUEROS TERRESTRES E.I.R.L.<\/span>\u00a0&#8211; Cercado de Lima<\/li>\n<li><span style=\"color: #00ccff;\">EXPORTADORA CETUS S.A.C.\u00a0<\/span>&#8211; Paita<\/li>\n<li><span style=\"color: #00ccff;\">CORPORACI\u00d3N DE INDUSTRIAS PLASTICAS S.A.<\/span>\u00a0&#8211; Ate<\/li>\n<li><span style=\"color: #00ccff;\">INDUSTRIA TEXTIL DEL PACIFICO S.A.<\/span>\u00a0&#8211; Cercado de Lima<\/li>\n<li><span style=\"color: #00ccff;\">INDUSTRIAS DE ACEITE S.A. FINO<\/span> &#8211; Santa Cruz de la Sierra &#8211; Bolivia<\/li>\n<li><span style=\"color: #00ccff;\">MIQ LOGISTICS INC S.R.L.<\/span> &#8211; Miraflores &#8211; Lima &#8211; Per\u00fa<\/li>\n<li><span style=\"color: #00ccff;\">CAMPOSOL S.A.C.<\/span> &#8211; Lima &#8211; Trujillo &#8211; Per\u00fa<\/li>\n<li><span style=\"color: #00ccff;\">CARLOS BELLO S.A.C.<\/span> &#8211; Callao &#8211; Per\u00fa<\/li>\n<li><span style=\"color: #00ccff;\">SEABOARD DEL PERU S.A.<\/span> &#8211; San Isidro \u2013 Callao &#8211; Lima &#8211; Per\u00fa<\/li>\n<li><span style=\"color: #00ccff;\">SURPACK S.A.C.<\/span> &#8211; Lur\u00edn &#8211; Per\u00fa<\/li>\n<li><span style=\"color: #00ccff;\">NAVESUR S.A.<\/span> &#8211; San Isidro &#8211; Lima &#8211; Per\u00fa<\/li>\n<li><span style=\"color: #00ccff;\">CMA CGM PERU S.A.C.<\/span> &#8211; San Isidro &#8211; Lima &#8211; Per\u00fa<\/li>\n<li><span style=\"color: #00ccff;\">KRYSTAL LOGISTICS PERU<\/span> &#8211; San Isidro &#8211; Lima &#8211; Per\u00fa<\/li>\n<li><span style=\"color: #00ccff;\">SEGETRANS PERU S.A.C.<\/span> &#8211; Callao &#8211; Lima &#8211; Per\u00fa<\/li>\n<li><span style=\"color: #00ccff;\">TEXTIL DEL VALLE S.A.<\/span> &#8211; Chincha \u2013 Lima &#8211; Per\u00fa<\/li>\n<li><span style=\"color: #00ccff;\">PERUVIAN SEA FOOD S.A<\/span> &#8211; Lima \u2013 Paita &#8211; Per\u00fa<\/li>\n<li><span style=\"color: #00ccff;\">INDUSTRIAS TEAL S.A.<\/span> &#8211; Lima &#8211; Per\u00fa<\/li>\n<li><span style=\"color: #00ccff;\">PESQUERA EXALMAR S.A.<\/span> &#8211; Chincha \u2013 Callao \u2013 Lima \u2013 Huacho \u2013 Chimbote \u2013 Trujillo \u2013 Paita \u2013 Per\u00fa<\/li>\n<li><span style=\"color: #00ccff;\">ORBIS AGENTES DE ADUANA S.A.C.<\/span> &#8211; Lima &#8211; Per\u00fa<\/li>\n<li><span style=\"color: #00ccff;\">PIMA KINZ S.A.C.<\/span> &#8211; Lima &#8211; Per\u00fa<\/li>\n<li><span style=\"color: #00ccff;\">CERAMICA LIMA S.A. \u201cCELIMA\u201d \u2013 CORPORACION CERAMICA S.A. \u201cTR\u00c9BOL\u201d<\/span> &#8211; Las cinco plantas de Lima.<\/li>\n<li><span style=\"color: #00ccff;\">HORIZONTE SERVICIOS GENERALES S.A.C.<\/span> &#8211; Chincha \u2013 Per\u00fa<\/li>\n<li><span style=\"color: #00ccff;\">CONSORCIO DE PRODUCTORES DE FRUTA S.A.<\/span> &#8211; Chincha &#8211; Per\u00fa entre otras.<\/li>\n<\/ul>\n","protected":false},"excerpt":{"rendered":"<p>NUESTROS CLIENTES NOS ELIGEN POR: Nuestra metodolog\u00eda, basada en un esquema l\u00f3gico y un enfoque integral de gesti\u00f3n gerencial, que se traduce en un programa de Consultor\u00eda \u00e1gil y flexible. Nuestro tratamiento personalizado asegura la calidad de la prestaci\u00f3n del servicio. Nuestros honorarios son altamente competitivos en relaci\u00f3n con el servicio que prestamos. Estamos del<\/p><\/div>\n<div class=\"blog-btn\"><a href=\"http:\/\/osarperu.com\/osarperu\/clientes\/\" class=\"home-blog-btn\">Leer m\u00e1s<\/a><\/p>\n","protected":false},"author":1,"featured_media":0,"parent":0,"menu_order":0,"comment_status":"closed","ping_status":"closed","template":"","meta":{"_joinchat":[],"footnotes":""},"class_list":["post-165","page","type-page","status-publish","hentry"],"_links":{"self":[{"href":"http:\/\/osarperu.com\/osarperu\/wp-json\/wp\/v2\/pages\/165"}],"collection":[{"href":"http:\/\/osarperu.com\/osarperu\/wp-json\/wp\/v2\/pages"}],"about":[{"href":"http:\/\/osarperu.com\/osarperu\/wp-json\/wp\/v2\/types\/page"}],"author":[{"embeddable":true,"href":"http:\/\/osarperu.com\/osarperu\/wp-json\/wp\/v2\/users\/1"}],"replies":[{"embeddable":true,"href":"http:\/\/osarperu.com\/osarperu\/wp-json\/wp\/v2\/comments?post=165"}],"version-history":[{"count":11,"href":"http:\/\/osarperu.com\/osarperu\/wp-json\/wp\/v2\/pages\/165\/revisions"}],"predecessor-version":[{"id":580,"href":"http:\/\/osarperu.com\/osarperu\/wp-json\/wp\/v2\/pages\/165\/revisions\/580"}],"wp:attachment":[{"href":"http:\/\/osarperu.com\/osarperu\/wp-json\/wp\/v2\/media?parent=165"}],"curies":[{"name":"wp","href":"https:\/\/api.w.org\/{rel}","templated":true}]}}