{"id":164,"date":"2018-05-31T17:29:38","date_gmt":"2018-05-31T17:29:38","guid":{"rendered":"http:\/\/osarperu.com\/osarperu\/?page_id=164"},"modified":"2020-06-25T19:03:10","modified_gmt":"2020-06-26T00:03:10","slug":"servicios","status":"publish","type":"page","link":"http:\/\/osarperu.com\/osarperu\/servicios\/","title":{"rendered":"Nuestros Servicios"},"content":{"rendered":"<p><span style=\"color: #00ccff;\">CALIDAD<\/span><\/p>\n<p>Los Sistemas de Gesti\u00f3n en las organizaciones ayudan a centrar, organizar, sistematizar, controlar sus<br \/>\nactividades y aumentar el desempe\u00f1o de las mismas en los diferentes \u00e1mbitos de la gesti\u00f3n.<\/p>\n<p><span style=\"color: #00ccff;\">OHSAS 18001:2007 &#8211; LEY 29783<\/span><\/p>\n<p>Los Sistemas de Gesti\u00f3n de la Seguridad y Salud en el trabajo tienen como objetivo apoyar y promover<br \/>\nlas buenas pr\u00e1cticas de seguridad y salud en los trabajadores en equilibrio con las necesidades<br \/>\nsocioecon\u00f3micas, y destinadas a permitir que una organizaci\u00f3n controle sus riesgos y mejore el<br \/>\ndesempe\u00f1o de la salud en el trabajo.<\/p>\n<p><span style=\"color: #00ccff;\">ISO 9001:2008<\/span><\/p>\n<p>El objetivo de la mejora continua del sistema de gesti\u00f3n de calidad es incrementar la probabilidad de<br \/>\naumentar la satisfacci\u00f3n de los clientes y de otras partes interesadas, esto se logra mediante el an\u00e1lisis<br \/>\ny evaluaci\u00f3n de la situaci\u00f3n de la empresa para identificar \u00e1reas para la mejora y mediante el<br \/>\nestablecimiento de los objetivos para la mejora.<\/p>\n<p><span style=\"color: #00ccff;\">ISO 14001:2004<\/span><\/p>\n<p>Los SGA son un punto de partida para generar desarrollo sostenible en las empresas. Ofrecemos el<br \/>\nacompa\u00f1amiento a las empresas para la implementaci\u00f3n, documentaci\u00f3n y certificaci\u00f3n de su SGA.<\/p>\n<p><img loading=\"lazy\" decoding=\"async\" class=\"aligncenter size-full wp-image-452\" src=\"http:\/\/osarperu.com\/osarperu\/wp-content\/uploads\/2019\/11\/nuestros_servicios.jpg\" alt=\"\" width=\"250\" height=\"166\" \/><\/p>\n","protected":false},"excerpt":{"rendered":"<p>CALIDAD Los Sistemas de Gesti\u00f3n en las organizaciones ayudan a centrar, organizar, sistematizar, controlar sus actividades y aumentar el desempe\u00f1o de las mismas en los diferentes \u00e1mbitos de la gesti\u00f3n. OHSAS 18001:2007 &#8211; LEY 29783 Los Sistemas de Gesti\u00f3n de la Seguridad y Salud en el trabajo tienen como objetivo apoyar y promover las buenas<\/p><\/div>\n<div class=\"blog-btn\"><a href=\"http:\/\/osarperu.com\/osarperu\/servicios\/\" class=\"home-blog-btn\">Leer m\u00e1s<\/a><\/p>\n","protected":false},"author":1,"featured_media":0,"parent":0,"menu_order":0,"comment_status":"closed","ping_status":"closed","template":"","meta":{"_joinchat":[],"footnotes":""},"class_list":["post-164","page","type-page","status-publish","hentry"],"_links":{"self":[{"href":"http:\/\/osarperu.com\/osarperu\/wp-json\/wp\/v2\/pages\/164"}],"collection":[{"href":"http:\/\/osarperu.com\/osarperu\/wp-json\/wp\/v2\/pages"}],"about":[{"href":"http:\/\/osarperu.com\/osarperu\/wp-json\/wp\/v2\/types\/page"}],"author":[{"embeddable":true,"href":"http:\/\/osarperu.com\/osarperu\/wp-json\/wp\/v2\/users\/1"}],"replies":[{"embeddable":true,"href":"http:\/\/osarperu.com\/osarperu\/wp-json\/wp\/v2\/comments?post=164"}],"version-history":[{"count":8,"href":"http:\/\/osarperu.com\/osarperu\/wp-json\/wp\/v2\/pages\/164\/revisions"}],"predecessor-version":[{"id":550,"href":"http:\/\/osarperu.com\/osarperu\/wp-json\/wp\/v2\/pages\/164\/revisions\/550"}],"wp:attachment":[{"href":"http:\/\/osarperu.com\/osarperu\/wp-json\/wp\/v2\/media?parent=164"}],"curies":[{"name":"wp","href":"https:\/\/api.w.org\/{rel}","templated":true}]}}