{"id":163,"date":"2018-04-02T22:20:50","date_gmt":"2018-04-02T22:20:50","guid":{"rendered":"http:\/\/osarperu.com\/osarperu\/?page_id=163"},"modified":"2020-06-25T15:39:50","modified_gmt":"2020-06-25T20:39:50","slug":"quienes-somos","status":"publish","type":"page","link":"http:\/\/osarperu.com\/osarperu\/quienes-somos\/","title":{"rendered":"\u00bfQui\u00e9nes Somos?"},"content":{"rendered":"<p>Somos un grupo de profesionales dedicados a la consultor\u00eda a nivel empresarial en materia de sistemas de gesti\u00f3n.<br \/>\nContamos con un equipo de Consultores expertos en el \u00e1mbito de la implementaci\u00f3n, auditoria y mejoramiento de sistemas de gesti\u00f3n.<\/p>\n<p>Nos encontramos ubi<img loading=\"lazy\" decoding=\"async\" class=\" wp-image-176 alignright\" src=\"http:\/\/osarperu.com\/osarperu\/wp-content\/uploads\/2018\/04\/consultor-expert-300x278.png\" alt=\"\" width=\"334\" height=\"310\" srcset=\"http:\/\/osarperu.com\/osarperu\/wp-content\/uploads\/2018\/04\/consultor-expert-300x278.png 300w, http:\/\/osarperu.com\/osarperu\/wp-content\/uploads\/2018\/04\/consultor-expert.png 450w\" sizes=\"(max-width: 334px) 100vw, 334px\" \/>cados en la ciudad de LIMA \u2013 PER\u00da, ofrecemos nuestros servicios a nivel nacional.<\/p>\n<p>Ofrecemos la implementaci\u00f3n, documentaci\u00f3n y orientaci\u00f3n para la certificaci\u00f3n de los sistemas de gesti\u00f3n en las empresas del sector manufacturero, servicios, ingenier\u00eda, educaci\u00f3n, salud e industrial; mediante visitas programadas de acuerdo a los requerimientos de las organizaciones.<\/p>\n<p>Los sistemas de gesti\u00f3n en las organizaciones ayudan a centrar, organizar, sistematizar y controlar sus actividades y aumentar el desempe\u00f1o de las mismas en los diferentes \u00e1mbitos de la gesti\u00f3n. Adem\u00e1s, le permite a la alta direcci\u00f3n establecer sus pol\u00edticas, objetivos y las estrategias para alcanzarlos.<\/p>\n<p>El equipo de profesionales de OSAR PERU tiene una amplia experiencia y especializaci\u00f3n para desarrollar y consolidar el modelo de negocios de los clientes de manera exitosa.<\/p>\n<p><span style=\"color: #000080;\"><strong>MISI\u00d3N<\/strong><\/span><br \/>\nBrindar servicios de consultor\u00eda que proporcionen soluciones integrales, \u00e1giles y flexibles, para el crecimiento de cada organizaci\u00f3n atendiendo las necesidades de nuestros clientes de manera efectiva y de \u00f3ptima calidad, mejorando sus niveles de competitividad<\/p>\n<p><span style=\"color: #000080;\"><strong>VISI\u00d3N<\/strong><\/span><br \/>\nAlcanzar un alto reconocimiento en el mercado como consultores en la optimizaci\u00f3n de sistemas de gesti\u00f3n que le permitan alcanzar sus objetivos empresariales.<\/p>\n<p><span style=\"color: #000080;\"><strong>PERFILES<\/strong><\/span><br \/>\nContamos con personal capacitado para ejercer profesionalmente las actividades de mejora en su empresa.<\/p>\n<p><span style=\"color: #000080;\"><b>CONSULTAR\u00cdA<\/b><\/span><br \/>\nPodemos ayudar a aumentar la satisfacci\u00f3n de sus clientes finales, obtener mejores resultados con sus proveedores y establecer patrones de calidad que fortifiquen los factores de crecimiento de su compa\u00f1\u00eda.<\/p>\n<p><span style=\"color: #000080;\"><strong>NUESTROS SERVICIOS<\/strong><\/span><\/p>\n<p><b>SERVICIO DE ASESOR\u00cdA\u00a0EN LA IMPLEMENTACI\u00d3N DE SISTEMAS DE GESTI\u00d3N ISO 9001, ISO 45001, ISO 37001, ISO 45001, OHSAS 18001, Ley 29783, BASC, ISO 28000, OEA, Inocuidad Alimentaria HACCP, SQF 2000, IFS, BRC Y FSSC 22000.<\/b><br \/>\nContamos con la experiencia de implementaci\u00f3n, capacitaci\u00f3n y generaci\u00f3n de sistemas de gesti\u00f3n de calidad y sistemas de integrados de gesti\u00f3n HSEQ certificados en diferentes sectores econ\u00f3micos. Tenemos la experiencia de haber podido acompa\u00f1ar a nuestros clientes en la obtenci\u00f3n de sus objetivos ISO 9001, OHSAS 18001 de organismos como:<\/p>\n<p>INDUSTRIAS DE ACEITE S.A. FINO &#8211; Santa Cruz de la Sierra &#8211; Bolivia; MIQ LOGISTICS INC S.R.L. &#8211; Miraflores &#8211; Lima &#8211; Per\u00fa; CAMPOSOL S.A.C. &#8211; Lima &#8211; Trujillo &#8211; Per\u00fa; CARLOS BELLO S.A.C. &#8211; Callao &#8211; Per\u00fa; SEABOARD DEL PERU S.A. San Isidro \u2013 Callao &#8211; Lima &#8211; Per\u00fa; SURPACK S.A.C. &#8211; Lur\u00edn &#8211; Per\u00fa; NAVESUR S.A. &#8211; San Isidro &#8211; Lima; CMA CGM PERU S.A.C. &#8211; San Isidro &#8211; Lima &#8211; Per\u00fa; KRYSTAL LOGISTICS PERU &#8211; San Isidro &#8211; Lima &#8211; Per\u00fa; SEGETRANS PERU S.A.C. &#8211; Callao &#8211; Lima &#8211; Per\u00fa; TEXTIL DEL VALLE S.A. \u2013 Chincha \u2013 Lima \u2013 Per\u00fa; PERUVIAN SEA FOOD S.A &#8211; Lima \u2013 Paita &#8211; Per\u00fa; INDUSTRIAS TEAL SA &#8211; Lima &#8211; Per\u00fa; PESQUERA EXALMAR S.A. \u2013 Chincha \u2013 Callao \u2013 Lima \u2013 Huacho \u2013 Chimbote \u2013 Trujillo \u2013 Paita \u2013 Per\u00fa; ORBIS AGENTES DE ADUANA S.A.C. &#8211; Lima &#8211; Per\u00fa; PIMA KINZ S.A.C. &#8211; Lima &#8211; Per\u00fa; CERAMICA LIMA S.A. \u201cCELIMA\u201d \u2013 CORPORACION CERAMICA S.A. \u201cTREBOL\u201d \u2013 Las cinco plantas de Lima \u2013 Per\u00fa; HORIZONTE SERVICIOS GENERALES S.A.C. &#8211; Chincha \u2013 Per\u00fa; CONSORCIO DE PRODUCTORES DE FRUTA S.A. \u2013 Chincha \u2013 Per\u00fa entre otras.<\/p>\n<p><b>SERVICIO DE CAPACITACI\u00d3N\u00a0\u2013\u00a0FORMACI\u00d3N<\/b><br \/>\nDesarrollamos diferentes cursos de formaci\u00f3n y\/o capacitaci\u00f3n para su organizaci\u00f3n en temas de sistemas de gesti\u00f3n de las normas ISO 9001, ISO 37001, ISO 45001, OHSAS 18001, Ley 29783, BASC, ISO 28000, OEA, Inocuidad Alimentaria HACCP, SQF 2000, IFS, BRC Y FSSC 22000 y formaci\u00f3n de auditores internos, Estos cursos son dictados en el interior de su organizaci\u00f3n y ajustamos los temas de acuerdo a sus necesidades.<\/p>\n<p><strong>CALIDAD<\/strong><br \/>\nLos Sistemas de Gesti\u00f3n en las organizaciones ayudan a centrar, organizar, sistematizar, controlar sus actividades y aumentar el desempe\u00f1o de las mismas en los diferentes \u00e1mbitos de la gesti\u00f3n.<\/p>\n<p style=\"text-align: right;\">Ver mas &gt;&gt;<\/p>\n<p><strong>LEY 29783 &#8211; ISO 45001 &#8211; OHSAS 18001:2007<\/strong><br \/>\nLos Sistemas de Gesti\u00f3n de la Seguridad y Salud en el trabajo tienen como objetivo apoyar y promover las buenas pr\u00e1cticas de seguridad y salud en los trabajadores en equilibrio con las necesidades socioecon\u00f3micas, y destinadas a permitir que una organizaci\u00f3n controle sus riesgos y mejore el desempe\u00f1o de la salud en el trabajo.<\/p>\n<p style=\"text-align: right;\"><a href=\"http:\/\/osarperu.com\/osarperu\/seguridad-y-salud-en-el-trabajo\/\">Ver m\u00e1s &gt;&gt;<\/a><\/p>\n<p><strong>ISO 9001:2015<\/strong><br \/>\nEl objetivo de la mejora continua del sistema de gesti\u00f3n de calidad es incrementar la probabilidad de aumentar la satisfacci\u00f3n de los clientes y de otras partes interesadas, esto se logra mediante el an\u00e1lisis y evaluaci\u00f3n de la situaci\u00f3n de la empresa para identificar \u00e1reas para la mejora y mediante el establecimiento de los objetivos para la mejora.<\/p>\n<p style=\"text-align: right;\">Ver m\u00e1s &gt;&gt;<\/p>\n","protected":false},"excerpt":{"rendered":"<p>Somos un grupo de profesionales dedicados a la consultor\u00eda a nivel empresarial en materia de sistemas de gesti\u00f3n. Contamos con un equipo de Consultores expertos en el \u00e1mbito de la implementaci\u00f3n, auditoria y mejoramiento de sistemas de gesti\u00f3n. Nos encontramos ubicados en la ciudad de LIMA \u2013 PER\u00da, ofrecemos nuestros servicios a nivel nacional. Ofrecemos<\/p><\/div>\n<div class=\"blog-btn\"><a href=\"http:\/\/osarperu.com\/osarperu\/quienes-somos\/\" class=\"home-blog-btn\">Leer m\u00e1s<\/a><\/p>\n","protected":false},"author":1,"featured_media":0,"parent":0,"menu_order":0,"comment_status":"closed","ping_status":"closed","template":"","meta":{"_joinchat":[],"footnotes":""},"class_list":["post-163","page","type-page","status-publish","hentry"],"_links":{"self":[{"href":"http:\/\/osarperu.com\/osarperu\/wp-json\/wp\/v2\/pages\/163"}],"collection":[{"href":"http:\/\/osarperu.com\/osarperu\/wp-json\/wp\/v2\/pages"}],"about":[{"href":"http:\/\/osarperu.com\/osarperu\/wp-json\/wp\/v2\/types\/page"}],"author":[{"embeddable":true,"href":"http:\/\/osarperu.com\/osarperu\/wp-json\/wp\/v2\/users\/1"}],"replies":[{"embeddable":true,"href":"http:\/\/osarperu.com\/osarperu\/wp-json\/wp\/v2\/comments?post=163"}],"version-history":[{"count":9,"href":"http:\/\/osarperu.com\/osarperu\/wp-json\/wp\/v2\/pages\/163\/revisions"}],"predecessor-version":[{"id":544,"href":"http:\/\/osarperu.com\/osarperu\/wp-json\/wp\/v2\/pages\/163\/revisions\/544"}],"wp:attachment":[{"href":"http:\/\/osarperu.com\/osarperu\/wp-json\/wp\/v2\/media?parent=163"}],"curies":[{"name":"wp","href":"https:\/\/api.w.org\/{rel}","templated":true}]}}